{"id":3936,"date":"2025-05-06T14:57:01","date_gmt":"2025-05-06T11:57:01","guid":{"rendered":"https:\/\/griklinik.com\/?page_id=3936"},"modified":"2025-05-07T12:58:28","modified_gmt":"2025-05-07T09:58:28","slug":"dental-tomografi","status":"publish","type":"page","link":"https:\/\/griklinik.com\/en\/dental-tomografi\/","title":{"rendered":"3D Dental Imaging (CBCT)"},"content":{"rendered":"<style type=\"text\/css\" data-created_by=\"avia_inline_auto\" id=\"style-css-av-m0jt1250-7899d5c3338678dc23e3e58bc3a60989\">\n.avia-section.av-m0jt1250-7899d5c3338678dc23e3e58bc3a60989 .av-parallax .av-parallax-inner{\nbackground-color:#00adbb;\nbackground-image:url(https:\/\/griklinik.com\/wp-content\/uploads\/2024\/09\/gri_ust_type-02.png);\nbackground-repeat:no-repeat;\nbackground-position:50% 100%;\nbackground-attachment:scroll;\n}\n<\/style>\n<div id='av_section_1'  class='avia-section av-m0jt1250-7899d5c3338678dc23e3e58bc3a60989 main_color avia-section-default avia-no-border-styling  avia-builder-el-0  el_before_av_section  avia-builder-el-first  avia-full-stretch av-parallax-section avia-bg-style-parallax container_wrap sidebar_right'  data-section-bg-repeat='stretch'><div class='av-parallax' data-avia-parallax-ratio='0.3' ><div class='av-parallax-inner main_color avia-full-stretch'><\/div><\/div><div class='container av-section-cont-open' ><main  role=\"main\" itemprop=\"mainContentOfPage\"  class='template-page content  av-content-small alpha units'><div class='post-entry post-entry-type-page post-entry-3936'><div class='entry-content-wrapper clearfix'>\n\n<style type=\"text\/css\" data-created_by=\"avia_inline_auto\" id=\"style-css-av-m0m77jth-18c808918f8b4a7f8e4b3cc58422fd3a\">\n#top .hr.hr-invisible.av-m0m77jth-18c808918f8b4a7f8e4b3cc58422fd3a{\nheight:2px;\n}\n<\/style>\n<div  class='hr av-m0m77jth-18c808918f8b4a7f8e4b3cc58422fd3a hr-invisible  avia-builder-el-1  el_before_av_heading  avia-builder-el-first'><span class='hr-inner'><span class=\"hr-inner-style\"><\/span><\/span><\/div>\n\n<style type=\"text\/css\" data-created_by=\"avia_inline_auto\" id=\"style-css-av-52sc-7876948738b7f862047bfe64f03e3c0e\">\n#top .av-special-heading.av-52sc-7876948738b7f862047bfe64f03e3c0e{\npadding-bottom:10px;\ncolor:#ffffff;\n}\nbody .av-special-heading.av-52sc-7876948738b7f862047bfe64f03e3c0e .av-special-heading-tag .heading-char{\nfont-size:25px;\n}\n.av-special-heading.av-52sc-7876948738b7f862047bfe64f03e3c0e .special-heading-inner-border{\nborder-color:#ffffff;\n}\n.av-special-heading.av-52sc-7876948738b7f862047bfe64f03e3c0e .av-subheading{\nfont-size:15px;\n}\n<\/style>\n<div  class='av-special-heading av-52sc-7876948738b7f862047bfe64f03e3c0e av-special-heading-h2 custom-color-heading blockquote modern-quote modern-centered  avia-builder-el-2  el_after_av_hr  el_before_av_hr'><div class='av_custom_color av-subheading av-subheading_above'><p>TREATMENTS<\/p>\n<\/div><h2 class='av-special-heading-tag'  itemprop=\"headline\"  >3D Dental Imaging (CBCT)<\/h2><div class=\"special-heading-border\"><div class=\"special-heading-inner-border\"><\/div><\/div><\/div>\n\n<style type=\"text\/css\" data-created_by=\"avia_inline_auto\" id=\"style-css-av-43pa-22fec4e7ece6eeff400d0bd01a38cbe9\">\n#top .hr.hr-invisible.av-43pa-22fec4e7ece6eeff400d0bd01a38cbe9{\nheight:50px;\n}\n<\/style>\n<div  class='hr av-43pa-22fec4e7ece6eeff400d0bd01a38cbe9 hr-invisible  avia-builder-el-3  el_after_av_heading  avia-builder-el-last'><span class='hr-inner'><span class=\"hr-inner-style\"><\/span><\/span><\/div>\n\n<\/div><\/div><\/main><!-- close content main element --><\/div><\/div>\n<style type=\"text\/css\" data-created_by=\"avia_inline_auto\" id=\"style-css-av-m0o66c06-46319f61d36ba2c5bf0e8603a18bd11c\">\n.avia-section.av-m0o66c06-46319f61d36ba2c5bf0e8603a18bd11c{\nbackground-color:#f7f7f7;\nbackground-image:unset;\n}\n<\/style>\n<div id='av_section_2'  class='avia-section av-m0o66c06-46319f61d36ba2c5bf0e8603a18bd11c main_color avia-section-default avia-no-border-styling  avia-builder-el-4  el_after_av_section  avia-builder-el-last  avia-bg-style-scroll container_wrap sidebar_right'  ><div class='container av-section-cont-open' ><div class='template-page content  av-content-small alpha units'><div class='post-entry post-entry-type-page post-entry-3936'><div class='entry-content-wrapper clearfix'>\n<div class='flex_column_table av-m0jti80a-a0239966e8e1faeed8368c9870f94c23 sc-av_three_fourth av-equal-height-column-flextable'>\n<style type=\"text\/css\" data-created_by=\"avia_inline_auto\" id=\"style-css-av-m0jti80a-a0239966e8e1faeed8368c9870f94c23\">\n#top .flex_column_table.av-equal-height-column-flextable.av-m0jti80a-a0239966e8e1faeed8368c9870f94c23{\nmargin-top:-100px;\nmargin-bottom:0px;\n}\n.flex_column.av-m0jti80a-a0239966e8e1faeed8368c9870f94c23{\nborder-radius:5px 0 0 0;\npadding:20px 20px 20px 20px;\nbackground-color:#ffffff;\n}\n\n@media only screen and (min-width: 480px) and (max-width: 767px){ \n.flex_column.av-m0jti80a-a0239966e8e1faeed8368c9870f94c23{\nz-index:-2;\n}\n}\n<\/style>\n<div  class='flex_column av-m0jti80a-a0239966e8e1faeed8368c9870f94c23 av_three_fourth  avia-builder-el-5  el_before_av_one_fourth  avia-builder-el-first  first no_margin flex_column_table_cell av-equal-height-column av-align-top av-custom-positioned'     ><p>\n<style type=\"text\/css\" data-created_by=\"avia_inline_auto\" id=\"style-css-av-m0m6ui42-2f3fd965814062073286d156cb650b5d\">\n.avia-image-container.av-m0m6ui42-2f3fd965814062073286d156cb650b5d img.avia_image{\nbox-shadow:none;\n}\n.avia-image-container.av-m0m6ui42-2f3fd965814062073286d156cb650b5d .av-image-caption-overlay-center{\ncolor:#ffffff;\n}\n<\/style>\n<div  class='avia-image-container av-m0m6ui42-2f3fd965814062073286d156cb650b5d av-styling- avia-align-center  avia-builder-el-6  el_before_av_heading  avia-builder-el-first'   itemprop=\"image\" itemscope=\"itemscope\" itemtype=\"https:\/\/schema.org\/ImageObject\" ><div class=\"avia-image-container-inner\"><div class=\"avia-image-overlay-wrap\"><img decoding=\"async\" fetchpriority=\"high\" class='wp-image-3939 avia-img-lazy-loading-not-3939 avia_image' src=\"https:\/\/griklinik.com\/wp-content\/uploads\/2025\/05\/2_batcheditor_fotor_OdrW5Oh-scaled.webp\" alt='' title='2_batcheditor_fotor_OdrW5Oh'  height=\"1440\" width=\"2560\"  itemprop=\"thumbnailUrl\" srcset=\"https:\/\/griklinik.com\/wp-content\/uploads\/2025\/05\/2_batcheditor_fotor_OdrW5Oh-scaled.webp 2560w, https:\/\/griklinik.com\/wp-content\/uploads\/2025\/05\/2_batcheditor_fotor_OdrW5Oh-300x169.webp 300w, https:\/\/griklinik.com\/wp-content\/uploads\/2025\/05\/2_batcheditor_fotor_OdrW5Oh-1030x579.webp 1030w, https:\/\/griklinik.com\/wp-content\/uploads\/2025\/05\/2_batcheditor_fotor_OdrW5Oh-768x432.webp 768w, https:\/\/griklinik.com\/wp-content\/uploads\/2025\/05\/2_batcheditor_fotor_OdrW5Oh-1536x864.webp 1536w, https:\/\/griklinik.com\/wp-content\/uploads\/2025\/05\/2_batcheditor_fotor_OdrW5Oh-2048x1152.webp 2048w, https:\/\/griklinik.com\/wp-content\/uploads\/2025\/05\/2_batcheditor_fotor_OdrW5Oh-18x10.webp 18w, https:\/\/griklinik.com\/wp-content\/uploads\/2025\/05\/2_batcheditor_fotor_OdrW5Oh-1500x844.webp 1500w, https:\/\/griklinik.com\/wp-content\/uploads\/2025\/05\/2_batcheditor_fotor_OdrW5Oh-705x397.webp 705w\" sizes=\"(max-width: 2560px) 100vw, 2560px\" \/><\/div><\/div><\/div><br \/>\n\n<style type=\"text\/css\" data-created_by=\"avia_inline_auto\" id=\"style-css-av-m0o0m13r-2861a9509094051597f7e6ba027cc896\">\n#top .av-special-heading.av-m0o0m13r-2861a9509094051597f7e6ba027cc896{\ncolor:#54565a;\n}\nbody .av-special-heading.av-m0o0m13r-2861a9509094051597f7e6ba027cc896 .av-special-heading-tag .heading-char{\nfont-size:25px;\n}\n.av-special-heading.av-m0o0m13r-2861a9509094051597f7e6ba027cc896 .special-heading-inner-border{\nborder-color:#54565a;\n}\n.av-special-heading.av-m0o0m13r-2861a9509094051597f7e6ba027cc896 .av-subheading{\nfont-size:15px;\ncolor:#00adbb;\n}\n<\/style>\n<div  class='av-special-heading av-m0o0m13r-2861a9509094051597f7e6ba027cc896 av-special-heading-h2 custom-color-heading blockquote modern-quote  avia-builder-el-7  el_after_av_image  el_before_av_hr'><div class='av_custom_color av-subheading av-subheading_above'><p>Gri Klinik<\/p>\n<\/div><h2 class='av-special-heading-tag'  itemprop=\"headline\"  >3D Dental Imaging (CBCT)<\/h2><div class=\"special-heading-border\"><div class=\"special-heading-inner-border\"><\/div><\/div><\/div><br \/>\n\n<style type=\"text\/css\" data-created_by=\"avia_inline_auto\" id=\"style-css-av-m0o0rz2l-d7b079fa2ddb35724f948f5b6745f021\">\n#top .hr.av-m0o0rz2l-d7b079fa2ddb35724f948f5b6745f021{\nmargin-top:30px;\nmargin-bottom:30px;\n}\n.hr.av-m0o0rz2l-d7b079fa2ddb35724f948f5b6745f021 .hr-inner{\nwidth:50px;\nborder-color:#54565a;\n}\n<\/style>\n<div  class='hr av-m0o0rz2l-d7b079fa2ddb35724f948f5b6745f021 hr-custom  avia-builder-el-8  el_after_av_heading  el_before_av_textblock  hr-left hr-icon-no'><span class='hr-inner inner-border-av-border-thin'><span class=\"hr-inner-style\"><\/span><\/span><\/div><br \/>\n\n<style type=\"text\/css\" data-created_by=\"avia_inline_auto\" id=\"style-css-av-36k3jk-76fc0be484329d1df9b00a52fd961319\">\n#top .av_textblock_section.av-36k3jk-76fc0be484329d1df9b00a52fd961319 .avia_textblock{\nfont-size:16px;\n}\n<\/style>\n<section  class='av_textblock_section av-36k3jk-76fc0be484329d1df9b00a52fd961319'   itemscope=\"itemscope\" itemtype=\"https:\/\/schema.org\/CreativeWork\" ><div class='avia_textblock'  itemprop=\"text\" ><p>3D dental imaging (CBCT) is an advanced radiological diagnostic method that enables three-dimensional visualization of the jaw and dental structures. It allows for detailed examination of the teeth, bones, and surrounding tissues.<br \/>\nThis technology is widely used in implant planning, detailed evaluation of impacted teeth such as wisdom teeth, assessment of root canals before endodontic treatment, detection of pathological conditions like cysts and tumors, and analysis of temporomandibular joint (TMJ) disorders.<\/p>\n<\/div><\/section><\/p><\/div>\n<style type=\"text\/css\" data-created_by=\"avia_inline_auto\" id=\"style-css-av-j4e-5cd1ffd80dbbb8a662650e5824a175f4\">\n#top .flex_column_table.av-equal-height-column-flextable.av-j4e-5cd1ffd80dbbb8a662650e5824a175f4{\nmargin-top:-100px;\nmargin-bottom:0px;\n}\n.flex_column.av-j4e-5cd1ffd80dbbb8a662650e5824a175f4{\nborder-radius:0 5px 0 0;\npadding:-100px 0 0 0;\nbackground-color:#54565a;\n}\n<\/style>\n<div  class='flex_column av-j4e-5cd1ffd80dbbb8a662650e5824a175f4 av_one_fourth  avia-builder-el-10  el_after_av_three_fourth  avia-builder-el-last  no_margin flex_column_table_cell av-equal-height-column av-align-top'     ><p>\n<style type=\"text\/css\" data-created_by=\"avia_inline_auto\" id=\"style-css-av-23drkw-ee0f732b72930b668f78152d8597c679\">\n#top .hr.hr-invisible.av-23drkw-ee0f732b72930b668f78152d8597c679{\nheight:100px;\n}\n<\/style>\n<div  class='hr av-23drkw-ee0f732b72930b668f78152d8597c679 hr-invisible  avia-builder-el-11  el_before_av_sidebar  avia-builder-el-first'><span class='hr-inner'><span class=\"hr-inner-style\"><\/span><\/span><\/div><br \/>\n<div  class='avia-builder-widget-area clearfix  avia-builder-el-12  el_after_av_hr  el_before_av_hr'><div id=\"nav_menu-3\" class=\"widget clearfix widget_nav_menu\"><div class=\"menu-tedaviler-container\"><ul id=\"menu-tedaviler\" class=\"menu\"><li id=\"menu-item-3945\" class=\"menu-item menu-item-type-post_type menu-item-object-page menu-item-3945\"><a href=\"https:\/\/griklinik.com\/en\/dental-tomografi\/\">3D Dental Imaging (CBCT)<\/a><\/li>\n<li id=\"menu-item-3490\" class=\"menu-item menu-item-type-post_type menu-item-object-page menu-item-3490\"><a href=\"https:\/\/griklinik.com\/en\/gulus-tasarimi\/\">Smile Design<\/a><\/li>\n<li id=\"menu-item-3491\" class=\"menu-item menu-item-type-post_type menu-item-object-page menu-item-3491\"><a href=\"https:\/\/griklinik.com\/en\/dis-beyazlatma\/\">Tooth Whitening<\/a><\/li>\n<li id=\"menu-item-3492\" class=\"menu-item menu-item-type-post_type menu-item-object-page menu-item-3492\"><a href=\"https:\/\/griklinik.com\/en\/agiz-dis-ve-cene-cerrahisi\/\">Oral and Maxillofacial Surgery<\/a><\/li>\n<li id=\"menu-item-3493\" class=\"menu-item menu-item-type-post_type menu-item-object-page menu-item-3493\"><a href=\"https:\/\/griklinik.com\/en\/dental-implant-uygulamalari\/\">Dental Implant Procedures<\/a><\/li>\n<li id=\"menu-item-3494\" class=\"menu-item menu-item-type-post_type menu-item-object-page menu-item-3494\"><a href=\"https:\/\/griklinik.com\/en\/protetik-dis-tedavisi\/\">Prosthodontics<\/a><\/li>\n<li id=\"menu-item-3495\" class=\"menu-item menu-item-type-post_type menu-item-object-page menu-item-3495\"><a href=\"https:\/\/griklinik.com\/en\/kanal-tedavisi-endodonti\/\">Root Canal Treatment (Endodontic Treatment)<\/a><\/li>\n<li id=\"menu-item-3496\" class=\"menu-item menu-item-type-post_type menu-item-object-page menu-item-3496\"><a href=\"https:\/\/griklinik.com\/en\/restoratif-dis-tedavileri\/\">Restorative Dental Treatments<\/a><\/li>\n<li id=\"menu-item-3500\" class=\"menu-item menu-item-type-post_type menu-item-object-page menu-item-3500\"><a href=\"https:\/\/griklinik.com\/en\/ortodonti\/\">Orthodontics<\/a><\/li>\n<li id=\"menu-item-3498\" class=\"menu-item menu-item-type-post_type menu-item-object-page menu-item-3498\"><a href=\"https:\/\/griklinik.com\/en\/cocuk-dis-hekimligi-pedodonti\/\">Pedodontics<\/a><\/li>\n<li id=\"menu-item-3497\" class=\"menu-item menu-item-type-post_type menu-item-object-page menu-item-3497\"><a href=\"https:\/\/griklinik.com\/en\/cene-eklemi-rahatsizliklari\/\">Temporomandibular Joint Disorders<\/a><\/li>\n<li id=\"menu-item-3499\" class=\"menu-item menu-item-type-post_type menu-item-object-page menu-item-3499\"><a href=\"https:\/\/griklinik.com\/en\/dis-eti-hastaliklari-ve-tedavisi-periodontoloji\/\">Periodontology<\/a><\/li>\n<\/ul><\/div><\/div><\/div><br \/>\n\n<style type=\"text\/css\" data-created_by=\"avia_inline_auto\" id=\"style-css-av-23uhfk-b8305add03a23449a9c03bb9886a6384\">\n#top .hr.hr-invisible.av-23uhfk-b8305add03a23449a9c03bb9886a6384{\nheight:100px;\n}\n<\/style>\n<div  class='hr av-23uhfk-b8305add03a23449a9c03bb9886a6384 hr-invisible  avia-builder-el-13  el_after_av_sidebar  el_before_av_font_icon'><span class='hr-inner'><span class=\"hr-inner-style\"><\/span><\/span><\/div><br \/>\n\n<style type=\"text\/css\" data-created_by=\"avia_inline_auto\" id=\"style-css-av-m0nzusys-bb07f400325da9fc6d40efb6c1cdde0c\">\n.av_font_icon.av-m0nzusys-bb07f400325da9fc6d40efb6c1cdde0c{\ncolor:#989a9c;\nborder-color:#989a9c;\n}\n.av_font_icon.av-m0nzusys-bb07f400325da9fc6d40efb6c1cdde0c .av-icon-char{\nfont-size:120px;\nline-height:120px;\n}\n<\/style>\n<span  class='av_font_icon av-m0nzusys-bb07f400325da9fc6d40efb6c1cdde0c avia_animate_when_visible av-icon-style- avia-icon-pos-center avia-icon-animate'><span class='av-icon-char' aria-hidden='true' data-av_icon='\ue800' data-av_iconfont='fontello' ><\/span><\/span><br \/>\n\n<style type=\"text\/css\" data-created_by=\"avia_inline_auto\" id=\"style-css-av-m0nzw86u-ea7acdadaee4387f160e6e865764439a\">\n#top .hr.hr-invisible.av-m0nzw86u-ea7acdadaee4387f160e6e865764439a{\nheight:100px;\n}\n<\/style>\n<div  class='hr av-m0nzw86u-ea7acdadaee4387f160e6e865764439a hr-invisible  avia-builder-el-15  el_after_av_font_icon  avia-builder-el-last'><span class='hr-inner'><span class=\"hr-inner-style\"><\/span><\/span><\/div><\/p><\/div><\/div><!--close column table wrapper. Autoclose: 1 --><\/div><\/div><\/div><!-- close content main div --><\/div><\/div><div id='after_section_2'  class='main_color av_default_container_wrap container_wrap sidebar_right'  ><div class='container av-section-cont-open' ><div class='template-page content  av-content-small alpha units'><div class='post-entry post-entry-type-page post-entry-3936'><div class='entry-content-wrapper clearfix'>","protected":false},"excerpt":{"rendered":"","protected":false},"author":1,"featured_media":0,"parent":0,"menu_order":0,"comment_status":"closed","ping_status":"open","template":"","meta":{"footnotes":""},"class_list":["post-3936","page","type-page","status-publish","hentry"],"yoast_head":"<!-- This site is optimized with the Yoast SEO plugin v27.0 - https:\/\/yoast.com\/product\/yoast-seo-wordpress\/ -->\n<title>Gri Klinik - G\u00fcl\u00fc\u015f\u00fcnle de\u011fi\u015fir her \u015fey.<\/title>\n<meta name=\"description\" content=\"G\u00fcl\u00fc\u015f\u00fcnle de\u011fi\u015fir her \u015fey.\" \/>\n<meta name=\"robots\" content=\"index, follow, max-snippet:-1, max-image-preview:large, max-video-preview:-1\" \/>\n<link rel=\"canonical\" href=\"https:\/\/griklinik.com\/en\/dental-tomografi\/\" \/>\n<meta property=\"og:locale\" content=\"en_US\" \/>\n<meta property=\"og:type\" content=\"article\" \/>\n<meta property=\"og:title\" content=\"Gri Klinik A\u011f\u0131z ve Di\u015f Sa\u011fl\u0131\u011f\u0131 Poliklini\u011fi\" \/>\n<meta property=\"og:description\" content=\"G\u00fcl\u00fc\u015f\u00fcnle de\u011fi\u015fir her \u015fey.\" \/>\n<meta property=\"og:url\" content=\"https:\/\/griklinik.com\/en\/dental-tomografi\/\" \/>\n<meta property=\"og:site_name\" content=\"Gri Klinik\" \/>\n<meta property=\"article:modified_time\" content=\"2025-05-07T09:58:28+00:00\" \/>\n<meta property=\"og:image\" content=\"https:\/\/griklinik.com\/wp-content\/uploads\/2025\/01\/gri_klinik2-scaled.jpg\" \/>\n\t<meta property=\"og:image:width\" content=\"2560\" \/>\n\t<meta property=\"og:image:height\" content=\"2560\" \/>\n\t<meta property=\"og:image:type\" content=\"image\/jpeg\" \/>\n<meta name=\"twitter:card\" content=\"summary_large_image\" \/>\n<meta name=\"twitter:label1\" content=\"Est. reading time\" \/>\n\t<meta name=\"twitter:data1\" content=\"1 minute\" \/>\n<script type=\"application\/ld+json\" class=\"yoast-schema-graph\">{\"@context\":\"https:\/\/schema.org\",\"@graph\":[{\"@type\":\"WebPage\",\"@id\":\"https:\/\/griklinik.com\/dental-tomografi\/\",\"url\":\"https:\/\/griklinik.com\/dental-tomografi\/\",\"name\":\"Gri Klinik - G\u00fcl\u00fc\u015f\u00fcnle de\u011fi\u015fir her \u015fey.\",\"isPartOf\":{\"@id\":\"https:\/\/griklinik.com\/#website\"},\"datePublished\":\"2025-05-06T11:57:01+00:00\",\"dateModified\":\"2025-05-07T09:58:28+00:00\",\"description\":\"G\u00fcl\u00fc\u015f\u00fcnle de\u011fi\u015fir her \u015fey.\",\"breadcrumb\":{\"@id\":\"https:\/\/griklinik.com\/dental-tomografi\/#breadcrumb\"},\"inLanguage\":\"en-US\",\"potentialAction\":[{\"@type\":\"ReadAction\",\"target\":[\"https:\/\/griklinik.com\/dental-tomografi\/\"]}]},{\"@type\":\"BreadcrumbList\",\"@id\":\"https:\/\/griklinik.com\/dental-tomografi\/#breadcrumb\",\"itemListElement\":[{\"@type\":\"ListItem\",\"position\":1,\"name\":\"Anasayfa\",\"item\":\"https:\/\/griklinik.com\/\"},{\"@type\":\"ListItem\",\"position\":2,\"name\":\"Dental Tomografi (3D G\u00f6r\u00fcnt\u00fcleme)\"}]},{\"@type\":\"WebSite\",\"@id\":\"https:\/\/griklinik.com\/#website\",\"url\":\"https:\/\/griklinik.com\/\",\"name\":\"Gri Klinik\",\"description\":\"G\u00fcl\u00fc\u015f\u00fcnle de\u011fi\u015fir her \u015fey.\",\"potentialAction\":[{\"@type\":\"SearchAction\",\"target\":{\"@type\":\"EntryPoint\",\"urlTemplate\":\"https:\/\/griklinik.com\/?s={search_term_string}\"},\"query-input\":{\"@type\":\"PropertyValueSpecification\",\"valueRequired\":true,\"valueName\":\"search_term_string\"}}],\"inLanguage\":\"en-US\"}]}<\/script>\n<!-- \/ Yoast SEO plugin. -->","yoast_head_json":{"title":"Gri Klinik - G\u00fcl\u00fc\u015f\u00fcnle de\u011fi\u015fir her \u015fey.","description":"G\u00fcl\u00fc\u015f\u00fcnle de\u011fi\u015fir her \u015fey.","robots":{"index":"index","follow":"follow","max-snippet":"max-snippet:-1","max-image-preview":"max-image-preview:large","max-video-preview":"max-video-preview:-1"},"canonical":"https:\/\/griklinik.com\/en\/dental-tomografi\/","og_locale":"en_US","og_type":"article","og_title":"Gri Klinik A\u011f\u0131z ve Di\u015f Sa\u011fl\u0131\u011f\u0131 Poliklini\u011fi","og_description":"G\u00fcl\u00fc\u015f\u00fcnle de\u011fi\u015fir her \u015fey.","og_url":"https:\/\/griklinik.com\/en\/dental-tomografi\/","og_site_name":"Gri Klinik","article_modified_time":"2025-05-07T09:58:28+00:00","og_image":[{"width":2560,"height":2560,"url":"https:\/\/griklinik.com\/wp-content\/uploads\/2025\/01\/gri_klinik2-scaled.jpg","type":"image\/jpeg"}],"twitter_card":"summary_large_image","twitter_misc":{"Est. reading time":"1 minute"},"schema":{"@context":"https:\/\/schema.org","@graph":[{"@type":"WebPage","@id":"https:\/\/griklinik.com\/dental-tomografi\/","url":"https:\/\/griklinik.com\/dental-tomografi\/","name":"Gri Klinik - G\u00fcl\u00fc\u015f\u00fcnle de\u011fi\u015fir her \u015fey.","isPartOf":{"@id":"https:\/\/griklinik.com\/#website"},"datePublished":"2025-05-06T11:57:01+00:00","dateModified":"2025-05-07T09:58:28+00:00","description":"G\u00fcl\u00fc\u015f\u00fcnle de\u011fi\u015fir her \u015fey.","breadcrumb":{"@id":"https:\/\/griklinik.com\/dental-tomografi\/#breadcrumb"},"inLanguage":"en-US","potentialAction":[{"@type":"ReadAction","target":["https:\/\/griklinik.com\/dental-tomografi\/"]}]},{"@type":"BreadcrumbList","@id":"https:\/\/griklinik.com\/dental-tomografi\/#breadcrumb","itemListElement":[{"@type":"ListItem","position":1,"name":"Anasayfa","item":"https:\/\/griklinik.com\/"},{"@type":"ListItem","position":2,"name":"Dental Tomografi (3D G\u00f6r\u00fcnt\u00fcleme)"}]},{"@type":"WebSite","@id":"https:\/\/griklinik.com\/#website","url":"https:\/\/griklinik.com\/","name":"Gri Klinik","description":"G\u00fcl\u00fc\u015f\u00fcnle de\u011fi\u015fir her \u015fey.","potentialAction":[{"@type":"SearchAction","target":{"@type":"EntryPoint","urlTemplate":"https:\/\/griklinik.com\/?s={search_term_string}"},"query-input":{"@type":"PropertyValueSpecification","valueRequired":true,"valueName":"search_term_string"}}],"inLanguage":"en-US"}]}},"_links":{"self":[{"href":"https:\/\/griklinik.com\/en\/wp-json\/wp\/v2\/pages\/3936","targetHints":{"allow":["GET"]}}],"collection":[{"href":"https:\/\/griklinik.com\/en\/wp-json\/wp\/v2\/pages"}],"about":[{"href":"https:\/\/griklinik.com\/en\/wp-json\/wp\/v2\/types\/page"}],"author":[{"embeddable":true,"href":"https:\/\/griklinik.com\/en\/wp-json\/wp\/v2\/users\/1"}],"replies":[{"embeddable":true,"href":"https:\/\/griklinik.com\/en\/wp-json\/wp\/v2\/comments?post=3936"}],"version-history":[{"count":3,"href":"https:\/\/griklinik.com\/en\/wp-json\/wp\/v2\/pages\/3936\/revisions"}],"predecessor-version":[{"id":3946,"href":"https:\/\/griklinik.com\/en\/wp-json\/wp\/v2\/pages\/3936\/revisions\/3946"}],"wp:attachment":[{"href":"https:\/\/griklinik.com\/en\/wp-json\/wp\/v2\/media?parent=3936"}],"curies":[{"name":"wp","href":"https:\/\/api.w.org\/{rel}","templated":true}]}}